{"id":1898,"date":"2025-08-01T01:36:02","date_gmt":"2025-08-01T01:36:02","guid":{"rendered":"https:\/\/lacasajaguar.com\/?page_id=1898"},"modified":"2025-08-01T02:59:02","modified_gmt":"2025-08-01T02:59:02","slug":"green-cabin","status":"publish","type":"page","link":"https:\/\/lacasajaguar.com\/es\/green-cabin\/","title":{"rendered":"Caba\u00f1a Verde"},"content":{"rendered":"<div data-elementor-type=\"wp-page\" data-elementor-id=\"1898\" class=\"elementor elementor-1898\">\n\t\t\t\t<div class=\"elementor-element elementor-element-5ef7019 e-flex e-con-boxed e-con e-parent\" data-id=\"5ef7019\" data-element_type=\"container\" data-settings=\"{&quot;background_background&quot;:&quot;classic&quot;}\">\n\t\t\t\t\t<div class=\"e-con-inner\">\n\t\t\t\t<div class=\"elementor-element elementor-element-5810600 elementor-widget elementor-widget-heading\" data-id=\"5810600\" data-element_type=\"widget\" data-widget_type=\"heading.default\">\n\t\t\t\t<div class=\"elementor-widget-container\">\n\t\t\t\t\t<h1 class=\"elementor-heading-title elementor-size-default\">Caba\u00f1a Verde<\/h1>\t\t\t\t<\/div>\n\t\t\t\t<\/div>\n\t\t\t\t\t<\/div>\n\t\t\t\t<\/div>\n\t\t<div class=\"elementor-element elementor-element-9f13634 e-flex e-con-boxed e-con e-parent\" data-id=\"9f13634\" data-element_type=\"container\">\n\t\t\t\t\t<div class=\"e-con-inner\">\n\t\t<div class=\"elementor-element elementor-element-6850cc9 e-con-full e-flex e-con e-child\" data-id=\"6850cc9\" data-element_type=\"container\">\n\t\t\t\t<div class=\"elementor-element elementor-element-8031618 elementor-widget elementor-widget-shortcode\" data-id=\"8031618\" data-element_type=\"widget\" data-widget_type=\"shortcode.default\">\n\t\t\t\t<div class=\"elementor-widget-container\">\n\t\t\t\t\t\t\t<div class=\"elementor-shortcode\">\n\t\t<!-- MasterSlider -->\n\t\t<div id=\"P_MS69e109a45f08c\" class=\"master-slider-parent msl ms-parent-id-4\" style=\"max-width:800px;\">\n\n\t\t\t\n\t\t\t<!-- MasterSlider Main -->\n\t\t\t<div id=\"MS69e109a45f08c\" class=\"master-slider ms-skin-default\" >\n\t\t\t\t \t\t\t\t \n\t\t\t\t<div  class=\"ms-slide\" data-delay=\"3\" data-fill-mode=\"fill\"  >\n\t\t\t\t\t<img decoding=\"async\" src=\"https:\/\/lacasajaguar.com\/wp-content\/plugins\/master-slider\/public\/assets\/css\/blank.gif\" alt=\"\" title=\"\" data-src=\"https:\/\/lacasajaguar.com\/wp-content\/uploads\/2025\/08\/19e8203a-695d-4e37-a70f-3b8cea74d93f.jpg\" \/>\n\n\n\t<img decoding=\"async\" class=\"ms-thumb lazyload\" data-src=\"https:\/\/lacasajaguar.com\/wp-content\/uploads\/2025\/08\/19e8203a-695d-4e37-a70f-3b8cea74d93f-100x80.jpg\" alt=\"\" src=\"data:image\/svg+xml;base64,PHN2ZyB3aWR0aD0iMSIgaGVpZ2h0PSIxIiB4bWxucz0iaHR0cDovL3d3dy53My5vcmcvMjAwMC9zdmciPjwvc3ZnPg==\" style=\"--smush-placeholder-width: 100px; --smush-placeholder-aspect-ratio: 100\/80;\" \/>\n\t<div class=\"ms-thumb\" ><div class=\"ms-tab-context\"><div class=\"&quot;ms-tab-context&quot;\"><\/div><\/div>\n<\/div>\n\t\t\t\t<\/div>\n\t\t\t\t<div  class=\"ms-slide\" data-delay=\"3\" data-fill-mode=\"fill\"  >\n\t\t\t\t\t<img decoding=\"async\" src=\"https:\/\/lacasajaguar.com\/wp-content\/plugins\/master-slider\/public\/assets\/css\/blank.gif\" alt=\"\" title=\"\" data-src=\"https:\/\/lacasajaguar.com\/wp-content\/uploads\/2025\/08\/9ba9bf48-c667-4052-9fb9-91e9db254789.jpg\" \/>\n\n\n\t<img decoding=\"async\" class=\"ms-thumb lazyload\" data-src=\"https:\/\/lacasajaguar.com\/wp-content\/uploads\/2025\/08\/9ba9bf48-c667-4052-9fb9-91e9db254789-100x80.jpg\" alt=\"\" src=\"data:image\/svg+xml;base64,PHN2ZyB3aWR0aD0iMSIgaGVpZ2h0PSIxIiB4bWxucz0iaHR0cDovL3d3dy53My5vcmcvMjAwMC9zdmciPjwvc3ZnPg==\" style=\"--smush-placeholder-width: 100px; --smush-placeholder-aspect-ratio: 100\/80;\" \/>\n\t<div class=\"ms-thumb\" ><div class=\"ms-tab-context\"><div class=\"&quot;ms-tab-context&quot;\"><\/div><\/div>\n<\/div>\n\t\t\t\t<\/div>\n\t\t\t\t<div  class=\"ms-slide\" data-delay=\"3\" data-fill-mode=\"fill\"  >\n\t\t\t\t\t<img decoding=\"async\" src=\"https:\/\/lacasajaguar.com\/wp-content\/plugins\/master-slider\/public\/assets\/css\/blank.gif\" alt=\"\" title=\"\" data-src=\"https:\/\/lacasajaguar.com\/wp-content\/uploads\/2025\/08\/8dc45963-59c4-452c-9d5f-d486ad07742f.jpg\" \/>\n\n\n\t<img decoding=\"async\" class=\"ms-thumb lazyload\" data-src=\"https:\/\/lacasajaguar.com\/wp-content\/uploads\/2025\/08\/8dc45963-59c4-452c-9d5f-d486ad07742f-100x80.jpg\" alt=\"\" src=\"data:image\/svg+xml;base64,PHN2ZyB3aWR0aD0iMSIgaGVpZ2h0PSIxIiB4bWxucz0iaHR0cDovL3d3dy53My5vcmcvMjAwMC9zdmciPjwvc3ZnPg==\" style=\"--smush-placeholder-width: 100px; --smush-placeholder-aspect-ratio: 100\/80;\" \/>\n\t<div class=\"ms-thumb\" ><div class=\"ms-tab-context\"><div class=\"&quot;ms-tab-context&quot;\"><\/div><\/div>\n<\/div>\n\t\t\t\t<\/div>\n\t\t\t\t<div  class=\"ms-slide\" data-delay=\"3\" data-fill-mode=\"fill\"  >\n\t\t\t\t\t<img decoding=\"async\" src=\"https:\/\/lacasajaguar.com\/wp-content\/plugins\/master-slider\/public\/assets\/css\/blank.gif\" alt=\"\" title=\"\" data-src=\"https:\/\/lacasajaguar.com\/wp-content\/uploads\/2025\/06\/f7709e94-f0db-452f-b2e1-08ebdd8bba1d.jpg\" \/>\n\n\n\t<img decoding=\"async\" class=\"ms-thumb lazyload\" data-src=\"https:\/\/lacasajaguar.com\/wp-content\/uploads\/2025\/06\/f7709e94-f0db-452f-b2e1-08ebdd8bba1d-100x80.jpg\" alt=\"\" src=\"data:image\/svg+xml;base64,PHN2ZyB3aWR0aD0iMSIgaGVpZ2h0PSIxIiB4bWxucz0iaHR0cDovL3d3dy53My5vcmcvMjAwMC9zdmciPjwvc3ZnPg==\" style=\"--smush-placeholder-width: 100px; --smush-placeholder-aspect-ratio: 100\/80;\" \/>\n\t<div class=\"ms-thumb\" ><div class=\"ms-tab-context\"><div class=\"&quot;ms-tab-context&quot;\"><\/div><\/div>\n<\/div>\n\t\t\t\t<\/div>\n\t\t\t\t<div  class=\"ms-slide\" data-delay=\"3\" data-fill-mode=\"fill\"  >\n\t\t\t\t\t<img decoding=\"async\" src=\"https:\/\/lacasajaguar.com\/wp-content\/plugins\/master-slider\/public\/assets\/css\/blank.gif\" alt=\"\" title=\"\" data-src=\"https:\/\/lacasajaguar.com\/wp-content\/uploads\/2025\/06\/af4504db-a4de-464c-a25d-765aac728c26.jpg\" \/>\n\n\n\t<img decoding=\"async\" class=\"ms-thumb lazyload\" data-src=\"https:\/\/lacasajaguar.com\/wp-content\/uploads\/2025\/06\/af4504db-a4de-464c-a25d-765aac728c26-100x80.jpg\" alt=\"\" src=\"data:image\/svg+xml;base64,PHN2ZyB3aWR0aD0iMSIgaGVpZ2h0PSIxIiB4bWxucz0iaHR0cDovL3d3dy53My5vcmcvMjAwMC9zdmciPjwvc3ZnPg==\" style=\"--smush-placeholder-width: 100px; --smush-placeholder-aspect-ratio: 100\/80;\" \/>\n\t<div class=\"ms-thumb\" ><div class=\"ms-tab-context\"><div class=\"&quot;ms-tab-context&quot;\"><\/div><\/div>\n<\/div>\n\t\t\t\t<\/div>\n\t\t\t\t<div  class=\"ms-slide\" data-delay=\"3\" data-fill-mode=\"fill\"  >\n\t\t\t\t\t<img decoding=\"async\" src=\"https:\/\/lacasajaguar.com\/wp-content\/plugins\/master-slider\/public\/assets\/css\/blank.gif\" alt=\"\" title=\"\" data-src=\"https:\/\/lacasajaguar.com\/wp-content\/uploads\/2025\/06\/82803fd0-657b-4b42-8328-ad1c3f962e4b.jpg\" \/>\n\n\n\t<img decoding=\"async\" class=\"ms-thumb lazyload\" data-src=\"https:\/\/lacasajaguar.com\/wp-content\/uploads\/2025\/06\/82803fd0-657b-4b42-8328-ad1c3f962e4b-100x80.jpg\" alt=\"\" src=\"data:image\/svg+xml;base64,PHN2ZyB3aWR0aD0iMSIgaGVpZ2h0PSIxIiB4bWxucz0iaHR0cDovL3d3dy53My5vcmcvMjAwMC9zdmciPjwvc3ZnPg==\" style=\"--smush-placeholder-width: 100px; --smush-placeholder-aspect-ratio: 100\/80;\" \/>\n\t<div class=\"ms-thumb\" ><div class=\"ms-tab-context\"><div class=\"&quot;ms-tab-context&quot;\"><\/div><\/div>\n<\/div>\n\t\t\t\t<\/div>\n\t\t\t\t<div  class=\"ms-slide\" data-delay=\"3\" data-fill-mode=\"fill\"  >\n\t\t\t\t\t<img decoding=\"async\" src=\"https:\/\/lacasajaguar.com\/wp-content\/plugins\/master-slider\/public\/assets\/css\/blank.gif\" alt=\"\" title=\"\" data-src=\"https:\/\/lacasajaguar.com\/wp-content\/uploads\/2025\/06\/19ea43e2-bc11-42a2-a6a9-928bc3071ecd.jpg\" \/>\n\n\n\t<img decoding=\"async\" class=\"ms-thumb lazyload\" data-src=\"https:\/\/lacasajaguar.com\/wp-content\/uploads\/2025\/06\/19ea43e2-bc11-42a2-a6a9-928bc3071ecd-100x80.jpg\" alt=\"\" src=\"data:image\/svg+xml;base64,PHN2ZyB3aWR0aD0iMSIgaGVpZ2h0PSIxIiB4bWxucz0iaHR0cDovL3d3dy53My5vcmcvMjAwMC9zdmciPjwvc3ZnPg==\" style=\"--smush-placeholder-width: 100px; --smush-placeholder-aspect-ratio: 100\/80;\" \/>\n\t<div class=\"ms-thumb\" ><div class=\"ms-tab-context\"><div class=\"&quot;ms-tab-context&quot;\"><\/div><\/div>\n<\/div>\n\t\t\t\t<\/div>\n\t\t\t\t<div  class=\"ms-slide\" data-delay=\"3\" data-fill-mode=\"fill\"  >\n\t\t\t\t\t<img decoding=\"async\" src=\"https:\/\/lacasajaguar.com\/wp-content\/plugins\/master-slider\/public\/assets\/css\/blank.gif\" alt=\"\" title=\"\" data-src=\"https:\/\/lacasajaguar.com\/wp-content\/uploads\/2025\/06\/1f921eec-7a0a-4718-8229-50561d8e38ec.jpg\" \/>\n\n\n\t<img decoding=\"async\" class=\"ms-thumb lazyload\" data-src=\"https:\/\/lacasajaguar.com\/wp-content\/uploads\/2025\/06\/1f921eec-7a0a-4718-8229-50561d8e38ec-100x80.jpg\" alt=\"\" src=\"data:image\/svg+xml;base64,PHN2ZyB3aWR0aD0iMSIgaGVpZ2h0PSIxIiB4bWxucz0iaHR0cDovL3d3dy53My5vcmcvMjAwMC9zdmciPjwvc3ZnPg==\" style=\"--smush-placeholder-width: 100px; --smush-placeholder-aspect-ratio: 100\/80;\" \/>\n\t<div class=\"ms-thumb\" ><div class=\"ms-tab-context\"><div class=\"&quot;ms-tab-context&quot;\"><\/div><\/div>\n<\/div>\n\t\t\t\t<\/div>\n\t\t\t\t<div  class=\"ms-slide\" data-delay=\"3\" data-fill-mode=\"fill\"  >\n\t\t\t\t\t<img decoding=\"async\" src=\"https:\/\/lacasajaguar.com\/wp-content\/plugins\/master-slider\/public\/assets\/css\/blank.gif\" alt=\"\" title=\"\" data-src=\"https:\/\/lacasajaguar.com\/wp-content\/uploads\/2025\/07\/493a0599-b445-4032-bbef-550aef82d9ce.jpg\" \/>\n\n\n\t<img decoding=\"async\" class=\"ms-thumb lazyload\" data-src=\"https:\/\/lacasajaguar.com\/wp-content\/uploads\/2025\/07\/493a0599-b445-4032-bbef-550aef82d9ce-100x80.jpg\" alt=\"\" src=\"data:image\/svg+xml;base64,PHN2ZyB3aWR0aD0iMSIgaGVpZ2h0PSIxIiB4bWxucz0iaHR0cDovL3d3dy53My5vcmcvMjAwMC9zdmciPjwvc3ZnPg==\" style=\"--smush-placeholder-width: 100px; --smush-placeholder-aspect-ratio: 100\/80;\" \/>\n\t<div class=\"ms-thumb\" ><div class=\"ms-tab-context\"><div class=\"&quot;ms-tab-context&quot;\"><\/div><\/div>\n<\/div>\n\t\t\t\t<\/div>\n\n\t\t\t<\/div>\n\t\t\t<!-- END MasterSlider Main -->\n\n\t\t\t \n\t\t<\/div>\n\t\t<!-- END MasterSlider -->\n\n\t\t<script>\n\t\t(function ( $ ) {\n\t\t\t\"use strict\";\n\n\t\t\t$(function () {\n\t\t\t\tvar masterslider_f08c = new MasterSlider();\n\n\t\t\t\t\/\/ slider controls\n\t\t\t\tmasterslider_f08c.control('arrows'     ,{ autohide:false, overVideo:true  });\t\t\t\tmasterslider_f08c.control('bullets'    ,{ autohide:false, overVideo:true, dir:'h', align:'bottom' , margin:10  });\n\n\t\t\t\tmasterslider_f08c.control('thumblist'  ,{ autohide:false, overVideo:true, dir:'h', speed:17, inset:false, arrows:false, hover:false, customClass:'', align:'bottom',type:'thumbs', margin:10, width:100, height:80, space:5, fillMode:'fill'  });\n\t\t\t\t\/\/ slider setup\n\t\t\t\tmasterslider_f08c.setup(\"MS69e109a45f08c\", {\n\t\t\t\t\t\twidth           : 800,\n\t\t\t\t\t\theight          : 480,\n\t\t\t\t\t\tminHeight       : 0,\n\t\t\t\t\t\tspace           : 0,\n\t\t\t\t\t\tstart           : 1,\n\t\t\t\t\t\tgrabCursor      : true,\n\t\t\t\t\t\tswipe           : true,\n\t\t\t\t\t\tmouse           : true,\n\t\t\t\t\t\tlayout          : \"boxed\",\n\t\t\t\t\t\twheel           : false,\n\t\t\t\t\t\tautoplay        : true,\n\t\t\t\t\t\tinstantStartLayers:false,\n\t\t\t\t\t\tloop            : true,\n\t\t\t\t\t\tshuffle         : false,\n\t\t\t\t\t\tpreload         : 0,\n\t\t\t\t\t\theightLimit     : true,\n\t\t\t\t\t\tautoHeight      : false,\n\t\t\t\t\t\tsmoothHeight    : true,\n\t\t\t\t\t\tendPause        : false,\n\t\t\t\t\t\toverPause       : true,\n\t\t\t\t\t\tfillMode        : \"fill\",\n\t\t\t\t\t\tcenterControls  : true,\n\t\t\t\t\t\tstartOnAppear   : false,\n\t\t\t\t\t\tlayersMode      : \"center\",\n\t\t\t\t\t\thideLayers      : false,\n\t\t\t\t\t\tfullscreenMargin: 0,\n\t\t\t\t\t\tspeed           : 20,\n\t\t\t\t\t\tdir             : \"h\",\n\t\t\t\t\t\tparallaxMode    : 'swipe',\n\t\t\t\t\t\tview            : \"basic\"\n\t\t\t\t});\n\n\t\t\t\t\n\t\t\t\twindow.masterslider_instances = window.masterslider_instances || [];\n\t\t\t\twindow.masterslider_instances.push( masterslider_f08c );\n\t\t\t });\n\n\t\t})(jQuery);\n\t\t<\/script>\n\n<\/div>\n\t\t\t\t\t\t<\/div>\n\t\t\t\t<\/div>\n\t\t\t\t<div class=\"elementor-element elementor-element-e0a6c20 elementor-widget elementor-widget-mphbe-accommodation-content\" data-id=\"e0a6c20\" data-element_type=\"widget\" data-widget_type=\"mphbe-accommodation-content.default\">\n\t\t\t\t<div class=\"elementor-widget-container\">\n\t\t\t\t\t<p data-start=\"404\" data-end=\"740\">Vive la serenidad de las tierras altas salvadore\u00f1as en nuestra <strong data-start=\"463\" data-end=\"478\">Caba\u00f1a Verde<\/strong>, un refugio privado y acogedor, enclavado entre la neblina del Bosque de Ilamatepec. Cuidadosamente dise\u00f1ada para brindar confort y descanso, esta caba\u00f1a ofrece una aut\u00e9ntica atm\u00f3sfera de monta\u00f1a, ideal para parejas, viajeros solitarios o cualquier persona que busque una escapada tranquila.<\/p>\n<p data-start=\"742\" data-end=\"1000\">Rodeada de pinos y refrescantes brisas de monta\u00f1a, la Caba\u00f1a Negra combina el encanto r\u00fastico con las comodidades modernas. En su interior encontrar\u00e1s acabados en madera c\u00e1lida, una cama confortable con s\u00e1banas suaves y detalles decorativos sutiles que crean un ambiente acogedor y tranquilo.<\/p>\n<p data-start=\"1002\" data-end=\"1333\">Wake up to the sounds of nature and enjoy the fresh, crisp air that makes Ilamatepec Forest such a magical destination. Whether you&#8217;re relaxing inside wrapped in a cozy blanket or sitting outside on the porch with a hot cup of coffee, every moment at Black Cabin invites you to slow down and reconnect with yourself and the world around you.<\/p>\n<p data-start=\"1335\" data-end=\"1356\"><strong data-start=\"1335\" data-end=\"1356\">Entre sus caracter\u00edsticas se incluyen:<\/strong><\/p>\n<ul data-start=\"1358\" data-end=\"1690\">\n<li data-start=\"1358\" data-end=\"1417\">\n<p data-start=\"1360\" data-end=\"1417\">A <strong data-start=\"1362\" data-end=\"1382\">ba\u00f1o privado<\/strong> con agua caliente para tu comodidad.<\/p>\n<\/li>\n<li data-start=\"1418\" data-end=\"1476\">\n<p data-start=\"1420\" data-end=\"1476\"><strong data-start=\"1420\" data-end=\"1436\">Wi-Fi<\/strong>, para que te conectes si lo necesitas<\/p>\n<\/li>\n<li data-start=\"1477\" data-end=\"1570\">\n<p data-start=\"1479\" data-end=\"1570\"><strong data-start=\"1479\" data-end=\"1510\">Desayuno tradicional<\/strong> incluido -disfr\u00fatalos reci\u00e9n preparados cada ma\u00f1ana<\/p>\n<\/li>\n<li data-start=\"1571\" data-end=\"1614\">\n<p data-start=\"1573\" data-end=\"1614\"><strong data-start=\"1573\" data-end=\"1594\">Parqueo disponible<\/strong> durante tu estad\u00eda<\/p>\n<\/li>\n<li data-start=\"1615\" data-end=\"1690\">\n<p data-start=\"1617\" data-end=\"1690\">Toallas y s\u00e1banas limpias incluidas, todo listo para tu llegada.<\/p>\n<\/li>\n<\/ul>\n\t\t\t\t<\/div>\n\t\t\t\t<\/div>\n\t\t\t\t<\/div>\n\t\t<div class=\"elementor-element elementor-element-d2ddde4 e-con-full e-flex e-con e-child\" data-id=\"d2ddde4\" data-element_type=\"container\">\n\t\t\t\t<div class=\"elementor-element elementor-element-ec973de elementor-widget elementor-widget-mphbe-accommodation-price\" data-id=\"ec973de\" data-element_type=\"widget\" data-widget_type=\"mphbe-accommodation-price.default\">\n\t\t\t\t<div class=\"elementor-widget-container\">\n\t\t\t\t\t\n\t\t\t\t<\/div>\n\t\t\t\t<\/div>\n\t\t\t\t<div class=\"elementor-element elementor-element-ce41fd4 elementor-widget elementor-widget-text-editor\" data-id=\"ce41fd4\" data-element_type=\"widget\" data-widget_type=\"text-editor.default\">\n\t\t\t\t<div class=\"elementor-widget-container\">\n\t\t\t\t\t\t\t\t\t<p>Impuestos no est\u00e1n incluidos<\/p>\t\t\t\t\t\t\t\t<\/div>\n\t\t\t\t<\/div>\n\t\t\t\t<div class=\"elementor-element elementor-element-b52b1f9 elementor-widget elementor-widget-mphbe-availability\" data-id=\"b52b1f9\" data-element_type=\"widget\" data-settings=\"{&quot;hide_labels&quot;:&quot;no&quot;,&quot;no_paddings&quot;:&quot;no&quot;,&quot;hide_tips&quot;:&quot;no&quot;,&quot;stretch_btn&quot;:&quot;no&quot;}\" data-widget_type=\"mphbe-availability.default\">\n\t\t\t\t<div class=\"elementor-widget-container\">\n\t\t\t\t\t<div class=\"mphb_sc_booking_form-wrapper is-direct-booking is-style-default\">\t<form method=\"POST\" action=\"https:\/\/lacasajaguar.com\/es\/booking-confirmation\/\" class=\"mphb-booking-form mphb-booking-form--direct-booking\" id=\"booking-form-1894\" data-first_available_check_in_date=\"2027-04-20\" data-trp-original-action=\"https:\/\/lacasajaguar.com\/es\/booking-confirmation\/\">\n\n\t\t<p class=\"mphb-required-fields-tip\"><small>Los campos obligatorios son seguidos por <abbr title=\"required\">*<\/abbr><\/small><\/p>\n\t\t<input type=\"hidden\" id=\"mphb-checkout-nonce\" name=\"mphb-checkout-nonce\" value=\"438e4644be\" \/><input type=\"hidden\" name=\"_wp_http_referer\" value=\"\/es\/wp-json\/wp\/v2\/pages\/1898\" \/>\t\t\t\t<input type=\"hidden\" name=\"mphb_room_type_id\" value=\"1894\" \/>\n\t\t<p class=\"mphb-check-in-date-wrapper\">\n\t\t\t<label for=\"mphb_check_in_date-69e109a46939b\">\n\t\t\t\tFecha de llegada\t\t\t\t<abbr title=\"Formato dd\/mm\/yyyy\">*<\/abbr>\n\t\t\t<\/label>\n\t\t\t<br \/>\n\t\t\t<input id=\"mphb_check_in_date-69e109a46939b\" type=\"text\" class=\"mphb-datepick\" value=\"\" required=\"required\" autocomplete=\"off\" placeholder=\"Fecha de llegada\" inputmode=\"none\" \/>\n\t\t\t<input id=\"mphb_check_in_date-69e109a46939b-hidden\" type=\"hidden\" name=\"mphb_check_in_date\" value=\"\" \/>\n\t\t<\/p>\n\t\t<p class=\"mphb-check-out-date-wrapper\">\n\t\t\t<label for=\"mphb_check_out_date-69e109a46939b\">\n\t\t\t\tFecha de salida\t\t\t\t<abbr title=\"Formato dd\/mm\/yyyy\">*<\/abbr>\n\t\t\t<\/label>\n\t\t\t<br \/>\n\t\t\t<input id=\"mphb_check_out_date-69e109a46939b\" type=\"text\" class=\"mphb-datepick\" value=\"\" required=\"required\" autocomplete=\"off\" placeholder=\"Fecha de salida\" inputmode=\"none\" \/>\n\t\t\t<input id=\"mphb_check_out_date-69e109a46939b-hidden\" type=\"hidden\" name=\"mphb_check_out_date\" value=\"\" \/>\n\t\t<\/p>\n\t\t\n\t\t\t\n\t\t\t\t<p class=\"mphb-adults-wrapper mphb-capacity-wrapper\">\n\t\t\t\t\t<label for=\"mphb_adults-69e109a46939b\">\n\t\t\t\t\t\tAdultos\t\t\t\t\t<\/label>\n\t\t\t\t\t<br \/>\n\t\t\t\t\t<select id=\"mphb_adults-69e109a46939b\" name=\"mphb_adults\">\n\n\t\t\t\t\t\t\n\t\t\t\t\t\t\t<option value=\"1\" >1<\/option>\n\t\t\t\t\t\t\n\t\t\t\t\t\t\n\t\t\t\t\t\t\t<option value=\"2\" >2<\/option>\n\t\t\t\t\t\t\n\t\t\t\t\t\t\t\t\t\t\t<\/select>\n\t\t\t\t<\/p>\n\t\t\t\n\t\t\t\n\t\t\t\t<input type=\"hidden\" id=\"mphb_children-69e109a46939b\" name=\"mphb_children\" value=\"0\" \/>\n\n\t\t\t\t\t\t\t\t\t\t<div class=\"mphb-reserve-room-section mphb-hide\">\n\t\t\t\t<p class=\"mphb-rooms-quantity-wrapper mphb-rooms-quantity-multiple mphb-hide\">\n\t\t\t\tReserva <select class=\"mphb-rooms-quantity\" id=\"mphb-rooms-quantity-1894\" name=\"mphb_rooms_details[1894]\"><option value=\"1\" selected=\"selected\">1<\/option><\/select> de <span class=\"mphb-available-rooms-count\">1<\/span> alojamientos disponibles.\t\t\t\t<\/p>\n\t\t\t\t<p class=\"mphb-rooms-quantity-wrapper mphb-rooms-quantity-single mphb-hide\">\n\t\t\t\t\tGreen Cabin est\u00e1 disponible para las fechas seleccionadas.\t\t\t\t<\/p>\n\t\t\t\t\t\t\t\t\t<p class=\"mphb-period-price mphb-regular-price mphb-hide\">\n\t\t\t\t\t\t<strong>Precio desde:<\/strong>\n\t\t\t\t\t<\/p>\n\t\t\t\t\t\t\t\t<input type=\"hidden\" name=\"mphb_is_direct_booking\" value=\"1\" \/>\n\t\t\t\t<input class=\"button mphb-button mphb-confirm-reservation\" type=\"submit\" value=\"Confirmar reserva\" \/>\n\t\t\t<\/div>\n\t\t\n\t\t<div class=\"mphb-errors-wrapper mphb-hide\"><\/div>\n\t\t<p class=\"mphb-reserve-btn-wrapper\">\n\t\t\t<input class=\"mphb-reserve-btn button\" type=\"submit\" value=\"Comprobar disponibilidad\" \/>\n\t\t<\/p>\n\t<input type=\"hidden\" name=\"trp-form-language\" value=\"es\"\/><\/form>\n\t<\/div>\t\t\t\t<\/div>\n\t\t\t\t<\/div>\n\t\t\t\t<div class=\"elementor-element elementor-element-e79b0c5 elementor-widget elementor-widget-mphbe-availability-calendar\" data-id=\"e79b0c5\" data-element_type=\"widget\" data-widget_type=\"mphbe-availability-calendar.default\">\n\t\t\t\t<div class=\"elementor-widget-container\">\n\t\t\t\t\t<div class=\"mphb_sc_availability_calendar-wrapper\">\t<div class=\"mphb-calendar mphb-datepick inlinePicker mphb-calendar--direct-booking\" data-room-type-id=\"1894\" data-monthstoshow=\"2\" data-is_show_prices=\"0\" data-is_truncate_prices=\"1\" data-is_show_prices_currency=\"0\" data-first_available_check_in_date=\"2027-04-20\"><\/div>\n\t<\/div>\t\t\t\t<\/div>\n\t\t\t\t<\/div>\n\t\t\t\t<\/div>\n\t\t\t\t\t<\/div>\n\t\t\t\t<\/div>\n\t\t\t\t<\/div>","protected":false},"excerpt":{"rendered":"<p>Green Cabin Experience the serenity of the Salvadoran highlands in our Green Cabin, a private and welcoming retreat nestled among [&hellip;]<\/p>","protected":false},"author":1,"featured_media":0,"parent":0,"menu_order":0,"comment_status":"closed","ping_status":"closed","template":"","meta":{"site-sidebar-layout":"no-sidebar","site-content-layout":"","ast-site-content-layout":"full-width-container","site-content-style":"unboxed","site-sidebar-style":"unboxed","ast-global-header-display":"","ast-banner-title-visibility":"","ast-main-header-display":"","ast-hfb-above-header-display":"","ast-hfb-below-header-display":"","ast-hfb-mobile-header-display":"","site-post-title":"disabled","ast-breadcrumbs-content":"","ast-featured-img":"disabled","footer-sml-layout":"","theme-transparent-header-meta":"enabled","adv-header-id-meta":"","stick-header-meta":"","header-above-stick-meta":"","header-main-stick-meta":"","header-below-stick-meta":"","astra-migrate-meta-layouts":"set","ast-page-background-enabled":"default","ast-page-background-meta":{"desktop":{"background-color":"var(--ast-global-color-4)","background-image":"","background-repeat":"repeat","background-position":"center center","background-size":"auto","background-attachment":"scroll","background-type":"","background-media":"","overlay-type":"","overlay-color":"","overlay-opacity":"","overlay-gradient":""},"tablet":{"background-color":"","background-image":"","background-repeat":"repeat","background-position":"center center","background-size":"auto","background-attachment":"scroll","background-type":"","background-media":"","overlay-type":"","overlay-color":"","overlay-opacity":"","overlay-gradient":""},"mobile":{"background-color":"","background-image":"","background-repeat":"repeat","background-position":"center center","background-size":"auto","background-attachment":"scroll","background-type":"","background-media":"","overlay-type":"","overlay-color":"","overlay-opacity":"","overlay-gradient":""}},"ast-content-background-meta":{"desktop":{"background-color":"var(--ast-global-color-5)","background-image":"","background-repeat":"repeat","background-position":"center center","background-size":"auto","background-attachment":"scroll","background-type":"","background-media":"","overlay-type":"","overlay-color":"","overlay-opacity":"","overlay-gradient":""},"tablet":{"background-color":"var(--ast-global-color-5)","background-image":"","background-repeat":"repeat","background-position":"center center","background-size":"auto","background-attachment":"scroll","background-type":"","background-media":"","overlay-type":"","overlay-color":"","overlay-opacity":"","overlay-gradient":""},"mobile":{"background-color":"var(--ast-global-color-5)","background-image":"","background-repeat":"repeat","background-position":"center center","background-size":"auto","background-attachment":"scroll","background-type":"","background-media":"","overlay-type":"","overlay-color":"","overlay-opacity":"","overlay-gradient":""}},"footnotes":""},"class_list":["post-1898","page","type-page","status-publish","hentry"],"_links":{"self":[{"href":"https:\/\/lacasajaguar.com\/es\/wp-json\/wp\/v2\/pages\/1898","targetHints":{"allow":["GET"]}}],"collection":[{"href":"https:\/\/lacasajaguar.com\/es\/wp-json\/wp\/v2\/pages"}],"about":[{"href":"https:\/\/lacasajaguar.com\/es\/wp-json\/wp\/v2\/types\/page"}],"author":[{"embeddable":true,"href":"https:\/\/lacasajaguar.com\/es\/wp-json\/wp\/v2\/users\/1"}],"replies":[{"embeddable":true,"href":"https:\/\/lacasajaguar.com\/es\/wp-json\/wp\/v2\/comments?post=1898"}],"version-history":[{"count":0,"href":"https:\/\/lacasajaguar.com\/es\/wp-json\/wp\/v2\/pages\/1898\/revisions"}],"wp:attachment":[{"href":"https:\/\/lacasajaguar.com\/es\/wp-json\/wp\/v2\/media?parent=1898"}],"curies":[{"name":"wp","href":"https:\/\/api.w.org\/{rel}","templated":true}]}}